{"id":45,"date":"2020-02-22T00:26:36","date_gmt":"2020-02-22T00:26:36","guid":{"rendered":"http:\/\/162.241.53.0\/inicio\/?page_id=45"},"modified":"2020-03-04T15:56:27","modified_gmt":"2020-03-04T15:56:27","slug":"inscribete","status":"publish","type":"page","link":"https:\/\/www.itecsalud.com\/inicio\/aspirantes\/inscribete\/","title":{"rendered":"Inscr\u00edbete"},"content":{"rendered":"\t\t<div data-elementor-type=\"wp-page\" data-elementor-id=\"45\" class=\"elementor elementor-45\" data-elementor-settings=\"[]\">\n\t\t\t\t\t\t<div class=\"elementor-inner\">\n\t\t\t\t\t\t\t<div class=\"elementor-section-wrap\">\n\t\t\t\t\t\t\t<section class=\"elementor-section elementor-top-section elementor-element elementor-element-8e1d31d elementor-section-boxed elementor-section-height-default elementor-section-height-default\" data-id=\"8e1d31d\" data-element_type=\"section\">\n\t\t\t\t\t\t<div class=\"elementor-container elementor-column-gap-default\">\n\t\t\t\t\t\t\t<div class=\"elementor-row\">\n\t\t\t\t\t<div class=\"elementor-column elementor-col-100 elementor-top-column elementor-element elementor-element-a83927f\" data-id=\"a83927f\" data-element_type=\"column\">\n\t\t\t<div class=\"elementor-column-wrap elementor-element-populated\">\n\t\t\t\t\t\t\t<div class=\"elementor-widget-wrap\">\n\t\t\t\t\t\t<div class=\"elementor-element elementor-element-2552fe0 elementor-widget elementor-widget-image\" data-id=\"2552fe0\" data-element_type=\"widget\" data-widget_type=\"image.default\">\n\t\t\t\t<div class=\"elementor-widget-container\">\n\t\t\t\t\t\t\t\t<div class=\"elementor-image\">\n\t\t\t\t\t\t\t\t\t\t\t\t<img width=\"670\" height=\"670\" src=\"https:\/\/www.itecsalud.com\/inicio\/wp-content\/uploads\/2020\/03\/list-2389219_1280-1024x1024.png\" class=\"attachment-large size-large\" alt=\"\" loading=\"lazy\" srcset=\"https:\/\/www.itecsalud.com\/inicio\/wp-content\/uploads\/2020\/03\/list-2389219_1280-1024x1024.png 1024w, https:\/\/www.itecsalud.com\/inicio\/wp-content\/uploads\/2020\/03\/list-2389219_1280-300x300.png 300w, https:\/\/www.itecsalud.com\/inicio\/wp-content\/uploads\/2020\/03\/list-2389219_1280-150x150.png 150w, https:\/\/www.itecsalud.com\/inicio\/wp-content\/uploads\/2020\/03\/list-2389219_1280-768x768.png 768w, https:\/\/www.itecsalud.com\/inicio\/wp-content\/uploads\/2020\/03\/list-2389219_1280.png 1280w\" sizes=\"(max-width: 670px) 100vw, 670px\" \/>\t\t\t\t\t\t\t\t\t\t\t\t\t\t<\/div>\n\t\t\t\t\t\t<\/div>\n\t\t\t\t<\/div>\n\t\t\t\t\t\t<\/div>\n\t\t\t\t\t<\/div>\n\t\t<\/div>\n\t\t\t\t\t\t\t\t<\/div>\n\t\t\t\t\t<\/div>\n\t\t<\/section>\n\t\t\t\t<section class=\"elementor-section elementor-top-section elementor-element elementor-element-9b2220e elementor-section-boxed elementor-section-height-default elementor-section-height-default\" data-id=\"9b2220e\" data-element_type=\"section\">\n\t\t\t\t\t\t<div class=\"elementor-container elementor-column-gap-default\">\n\t\t\t\t\t\t\t<div class=\"elementor-row\">\n\t\t\t\t\t<div class=\"elementor-column elementor-col-100 elementor-top-column elementor-element elementor-element-ad21d81\" data-id=\"ad21d81\" data-element_type=\"column\">\n\t\t\t<div class=\"elementor-column-wrap elementor-element-populated\">\n\t\t\t\t\t\t\t<div class=\"elementor-widget-wrap\">\n\t\t\t\t\t\t<div class=\"elementor-element elementor-element-86355d6 elementor-widget elementor-widget-heading\" data-id=\"86355d6\" data-element_type=\"widget\" data-widget_type=\"heading.default\">\n\t\t\t\t<div class=\"elementor-widget-container\">\n\t\t\t<h2 class=\"elementor-heading-title elementor-size-xl\">Inscr\u00edbete<\/h2>\t\t<\/div>\n\t\t\t\t<\/div>\n\t\t\t\t\t\t<\/div>\n\t\t\t\t\t<\/div>\n\t\t<\/div>\n\t\t\t\t\t\t\t\t<\/div>\n\t\t\t\t\t<\/div>\n\t\t<\/section>\n\t\t\t\t<section class=\"elementor-section elementor-top-section elementor-element elementor-element-b280f0f elementor-section-boxed elementor-section-height-default elementor-section-height-default\" data-id=\"b280f0f\" data-element_type=\"section\">\n\t\t\t\t\t\t<div class=\"elementor-container elementor-column-gap-default\">\n\t\t\t\t\t\t\t<div class=\"elementor-row\">\n\t\t\t\t\t<div class=\"elementor-column elementor-col-50 elementor-top-column elementor-element elementor-element-738e6d3\" data-id=\"738e6d3\" data-element_type=\"column\">\n\t\t\t<div class=\"elementor-column-wrap elementor-element-populated\">\n\t\t\t\t\t\t\t<div class=\"elementor-widget-wrap\">\n\t\t\t\t\t\t<div class=\"elementor-element elementor-element-3d2f393 elementor-widget elementor-widget-heading\" data-id=\"3d2f393\" data-element_type=\"widget\" data-widget_type=\"heading.default\">\n\t\t\t\t<div class=\"elementor-widget-container\">\n\t\t\t<h2 class=\"elementor-heading-title elementor-size-medium\">Requisitos de inscripci\u00f3n<\/h2>\t\t<\/div>\n\t\t\t\t<\/div>\n\t\t\t\t\t\t<\/div>\n\t\t\t\t\t<\/div>\n\t\t<\/div>\n\t\t\t\t<div class=\"elementor-column elementor-col-50 elementor-top-column elementor-element elementor-element-d0e80c2\" data-id=\"d0e80c2\" data-element_type=\"column\">\n\t\t\t<div class=\"elementor-column-wrap elementor-element-populated\">\n\t\t\t\t\t\t\t<div class=\"elementor-widget-wrap\">\n\t\t\t\t\t\t<div class=\"elementor-element elementor-element-06d3605 elementor-widget elementor-widget-heading\" data-id=\"06d3605\" data-element_type=\"widget\" data-widget_type=\"heading.default\">\n\t\t\t\t<div class=\"elementor-widget-container\">\n\t\t\t<h2 class=\"elementor-heading-title elementor-size-medium\">Enviar documentos<\/h2>\t\t<\/div>\n\t\t\t\t<\/div>\n\t\t\t\t\t\t<\/div>\n\t\t\t\t\t<\/div>\n\t\t<\/div>\n\t\t\t\t\t\t\t\t<\/div>\n\t\t\t\t\t<\/div>\n\t\t<\/section>\n\t\t\t\t<section class=\"elementor-section elementor-top-section elementor-element elementor-element-176a0d2 elementor-section-boxed elementor-section-height-default elementor-section-height-default\" data-id=\"176a0d2\" data-element_type=\"section\">\n\t\t\t\t\t\t<div class=\"elementor-container elementor-column-gap-default\">\n\t\t\t\t\t\t\t<div class=\"elementor-row\">\n\t\t\t\t\t<div class=\"elementor-column elementor-col-50 elementor-top-column elementor-element elementor-element-da5a8f9\" data-id=\"da5a8f9\" data-element_type=\"column\">\n\t\t\t<div class=\"elementor-column-wrap elementor-element-populated\">\n\t\t\t\t\t\t\t<div class=\"elementor-widget-wrap\">\n\t\t\t\t\t\t<div class=\"elementor-element elementor-element-38777c6 elementor-icon-list--layout-traditional elementor-list-item-link-full_width elementor-widget elementor-widget-icon-list\" data-id=\"38777c6\" data-element_type=\"widget\" data-widget_type=\"icon-list.default\">\n\t\t\t\t<div class=\"elementor-widget-container\">\n\t\t\t\t\t<ul class=\"elementor-icon-list-items\">\n\t\t\t\t\t\t\t<li class=\"elementor-icon-list-item\">\n\t\t\t\t\t\t\t\t\t\t\t<a href=\"https:\/\/www.itecsalud.com\/inicio\/wp-content\/uploads\/2020\/03\/Solicitud-de-ingreso.docx\" target=\"_blank\">\n\n\t\t\t\t\t\t\t\t\t\t\t\t<span class=\"elementor-icon-list-icon\">\n\t\t\t\t\t\t\t<i aria-hidden=\"true\" class=\"fas fa-check\"><\/i>\t\t\t\t\t\t<\/span>\n\t\t\t\t\t\t\t\t\t\t<span class=\"elementor-icon-list-text\">Solicitud de admisi\u00f3n con registro de datos y firmada (Clic para descargar formato)<\/span>\n\t\t\t\t\t\t\t\t\t\t\t<\/a>\n\t\t\t\t\t\t\t\t\t<\/li>\n\t\t\t\t\t\t\t\t<li class=\"elementor-icon-list-item\">\n\t\t\t\t\t\t\t\t\t\t\t<span class=\"elementor-icon-list-icon\">\n\t\t\t\t\t\t\t<i aria-hidden=\"true\" class=\"fas fa-check\"><\/i>\t\t\t\t\t\t<\/span>\n\t\t\t\t\t\t\t\t\t\t<span class=\"elementor-icon-list-text\">Acta de nacimiento (en formato reciente)<\/span>\n\t\t\t\t\t\t\t\t\t<\/li>\n\t\t\t\t\t\t\t\t<li class=\"elementor-icon-list-item\">\n\t\t\t\t\t\t\t\t\t\t\t<span class=\"elementor-icon-list-icon\">\n\t\t\t\t\t\t\t<i aria-hidden=\"true\" class=\"fas fa-check\"><\/i>\t\t\t\t\t\t<\/span>\n\t\t\t\t\t\t\t\t\t\t<span class=\"elementor-icon-list-text\">Certificado de estudios profesionales (Licenciatura en enfermer\u00eda)<\/span>\n\t\t\t\t\t\t\t\t\t<\/li>\n\t\t\t\t\t\t\t\t<li class=\"elementor-icon-list-item\">\n\t\t\t\t\t\t\t\t\t\t\t<span class=\"elementor-icon-list-icon\">\n\t\t\t\t\t\t\t<i aria-hidden=\"true\" class=\"fas fa-check\"><\/i>\t\t\t\t\t\t<\/span>\n\t\t\t\t\t\t\t\t\t\t<span class=\"elementor-icon-list-text\">T\u00edtulo profesional de licenciatura<\/span>\n\t\t\t\t\t\t\t\t\t<\/li>\n\t\t\t\t\t\t\t\t<li class=\"elementor-icon-list-item\">\n\t\t\t\t\t\t\t\t\t\t\t<span class=\"elementor-icon-list-icon\">\n\t\t\t\t\t\t\t<i aria-hidden=\"true\" class=\"fas fa-check\"><\/i>\t\t\t\t\t\t<\/span>\n\t\t\t\t\t\t\t\t\t\t<span class=\"elementor-icon-list-text\">C\u00e9dula profesional de licenciatura (a excepci\u00f3n de solicitantes con nacionalidad extranjera)<\/span>\n\t\t\t\t\t\t\t\t\t<\/li>\n\t\t\t\t\t\t\t\t<li class=\"elementor-icon-list-item\">\n\t\t\t\t\t\t\t\t\t\t\t<span class=\"elementor-icon-list-icon\">\n\t\t\t\t\t\t\t<i aria-hidden=\"true\" class=\"fas fa-check\"><\/i>\t\t\t\t\t\t<\/span>\n\t\t\t\t\t\t\t\t\t\t<span class=\"elementor-icon-list-text\">Cuatro fotograf\u00edas tama\u00f1o infantil. Blanco y negro en papel mate, blusa o camisa blanca y saco obscuro<\/span>\n\t\t\t\t\t\t\t\t\t<\/li>\n\t\t\t\t\t\t\t\t<li class=\"elementor-icon-list-item\">\n\t\t\t\t\t\t\t\t\t\t\t<span class=\"elementor-icon-list-icon\">\n\t\t\t\t\t\t\t<i aria-hidden=\"true\" class=\"fas fa-check\"><\/i>\t\t\t\t\t\t<\/span>\n\t\t\t\t\t\t\t\t\t\t<span class=\"elementor-icon-list-text\">Constancia de comprensi\u00f3n de textos del idioma ingl\u00e9s expedida por instituci\u00f3n de educaci\u00f3n reconocida<\/span>\n\t\t\t\t\t\t\t\t\t<\/li>\n\t\t\t\t\t\t\t\t<li class=\"elementor-icon-list-item\">\n\t\t\t\t\t\t\t\t\t\t\t<span class=\"elementor-icon-list-icon\">\n\t\t\t\t\t\t\t<i aria-hidden=\"true\" class=\"fas fa-check\"><\/i>\t\t\t\t\t\t<\/span>\n\t\t\t\t\t\t\t\t\t\t<span class=\"elementor-icon-list-text\">Constancia de conocimientos de computaci\u00f3n de paqueter\u00eda b\u00e1sica y tecnolog\u00edas de la informaci\u00f3n<\/span>\n\t\t\t\t\t\t\t\t\t<\/li>\n\t\t\t\t\t\t\t\t<li class=\"elementor-icon-list-item\">\n\t\t\t\t\t\t\t\t\t\t\t<a href=\"https:\/\/www.gob.mx\/curp\/\" target=\"_blank\">\n\n\t\t\t\t\t\t\t\t\t\t\t\t<span class=\"elementor-icon-list-icon\">\n\t\t\t\t\t\t\t<i aria-hidden=\"true\" class=\"fas fa-check\"><\/i>\t\t\t\t\t\t<\/span>\n\t\t\t\t\t\t\t\t\t\t<span class=\"elementor-icon-list-text\">Clave \u00danica de Registro de Poblaci\u00f3n (CURP), a excepci\u00f3n de solicitantes con nacionalidad extranjera (Clic para generar tu CURP) <\/span>\n\t\t\t\t\t\t\t\t\t\t\t<\/a>\n\t\t\t\t\t\t\t\t\t<\/li>\n\t\t\t\t\t\t\t\t<li class=\"elementor-icon-list-item\">\n\t\t\t\t\t\t\t\t\t\t\t<span class=\"elementor-icon-list-icon\">\n\t\t\t\t\t\t\t<i aria-hidden=\"true\" class=\"fas fa-check\"><\/i>\t\t\t\t\t\t<\/span>\n\t\t\t\t\t\t\t\t\t\t<span class=\"elementor-icon-list-text\">Promedio m\u00ednimo de ocho en carrera profesional<\/span>\n\t\t\t\t\t\t\t\t\t<\/li>\n\t\t\t\t\t\t\t\t<li class=\"elementor-icon-list-item\">\n\t\t\t\t\t\t\t\t\t\t\t<span class=\"elementor-icon-list-icon\">\n\t\t\t\t\t\t\t<i aria-hidden=\"true\" class=\"fas fa-check\"><\/i>\t\t\t\t\t\t<\/span>\n\t\t\t\t\t\t\t\t\t\t<span class=\"elementor-icon-list-text\">Presentar el Examen de Diagn\u00f3stico para Estudios de Posgrado (EDEP)<\/span>\n\t\t\t\t\t\t\t\t\t<\/li>\n\t\t\t\t\t\t<\/ul>\n\t\t\t\t<\/div>\n\t\t\t\t<\/div>\n\t\t\t\t\t\t<\/div>\n\t\t\t\t\t<\/div>\n\t\t<\/div>\n\t\t\t\t<div class=\"elementor-column elementor-col-50 elementor-top-column elementor-element elementor-element-d606aa3\" data-id=\"d606aa3\" data-element_type=\"column\">\n\t\t\t<div class=\"elementor-column-wrap elementor-element-populated\">\n\t\t\t\t\t\t\t<div class=\"elementor-widget-wrap\">\n\t\t\t\t\t\t<div class=\"elementor-element elementor-element-64dd56a elementor-widget elementor-widget-shortcode\" data-id=\"64dd56a\" data-element_type=\"widget\" data-widget_type=\"shortcode.default\">\n\t\t\t\t<div class=\"elementor-widget-container\">\n\t\t\t\t\t<div class=\"elementor-shortcode\"><div role=\"form\" class=\"wpcf7\" id=\"wpcf7-f852-o1\" lang=\"es-MX\" dir=\"ltr\">\n<div class=\"screen-reader-response\"><p role=\"status\" aria-live=\"polite\" aria-atomic=\"true\"><\/p> <ul><\/ul><\/div>\n<form action=\"\/inicio\/wp-json\/wp\/v2\/pages\/45#wpcf7-f852-o1\" method=\"post\" class=\"wpcf7-form init\" enctype=\"multipart\/form-data\" novalidate=\"novalidate\" data-status=\"init\">\n<div style=\"display: none;\">\n<input type=\"hidden\" name=\"_wpcf7\" value=\"852\" \/>\n<input type=\"hidden\" name=\"_wpcf7_version\" value=\"5.5.4\" \/>\n<input type=\"hidden\" name=\"_wpcf7_locale\" value=\"es_MX\" \/>\n<input type=\"hidden\" name=\"_wpcf7_unit_tag\" value=\"wpcf7-f852-o1\" \/>\n<input type=\"hidden\" name=\"_wpcf7_container_post\" value=\"0\" \/>\n<input type=\"hidden\" name=\"_wpcf7_posted_data_hash\" value=\"\" \/>\n<\/div>\n<p><label> Nombre completo<br \/>\n    <span class=\"wpcf7-form-control-wrap text-841\"><input type=\"text\" name=\"text-841\" value=\"\" size=\"40\" class=\"wpcf7-form-control wpcf7-text wpcf7-validates-as-required\" aria-required=\"true\" aria-invalid=\"false\" \/><\/span> <\/label><\/p>\n<p><label> Correo electr\u00f3nico<br \/>\n    <span class=\"wpcf7-form-control-wrap email-108\"><input type=\"email\" name=\"email-108\" value=\"\" size=\"40\" class=\"wpcf7-form-control wpcf7-text wpcf7-email wpcf7-validates-as-required wpcf7-validates-as-email\" aria-required=\"true\" aria-invalid=\"false\" \/><\/span> <\/label><\/p>\n<p><label> Solicitud de admisi\u00f3n (requerido)<br \/>\n    <span class=\"wpcf7-form-control-wrap file-436\"><input type=\"file\" name=\"file-436\" size=\"40\" class=\"wpcf7-form-control wpcf7-file wpcf7-validates-as-required\" accept=\".pdf\" aria-required=\"true\" aria-invalid=\"false\" \/><\/span> <\/label><\/p>\n<p><label> Acta de nacimiento<br \/>\n    <span class=\"wpcf7-form-control-wrap file-437\"><input type=\"file\" name=\"file-437\" size=\"40\" class=\"wpcf7-form-control wpcf7-file\" accept=\".pdf\" aria-invalid=\"false\" \/><\/span> <\/label><\/p>\n<p><label> Certificado de estudios profesionales<br \/>\n    <span class=\"wpcf7-form-control-wrap file-438\"><input type=\"file\" name=\"file-438\" size=\"40\" class=\"wpcf7-form-control wpcf7-file\" accept=\".pdf\" aria-invalid=\"false\" \/><\/span> <\/label><\/p>\n<p><label> T\u00edtulo profesional de licenciatura<br \/>\n    <span class=\"wpcf7-form-control-wrap file-439\"><input type=\"file\" name=\"file-439\" size=\"40\" class=\"wpcf7-form-control wpcf7-file\" accept=\".pdf\" aria-invalid=\"false\" \/><\/span> <\/label><\/p>\n<p><label> C\u00e9dula profesional de licenciatura<br \/>\n    <span class=\"wpcf7-form-control-wrap file-440\"><input type=\"file\" name=\"file-440\" size=\"40\" class=\"wpcf7-form-control wpcf7-file\" accept=\".pdf\" aria-invalid=\"false\" \/><\/span> <\/label><\/p>\n<p><label> Constancia de comprensi\u00f3n de textos del idioma ingl\u00e9s<br \/>\n    <span class=\"wpcf7-form-control-wrap file-441\"><input type=\"file\" name=\"file-441\" size=\"40\" class=\"wpcf7-form-control wpcf7-file\" accept=\".pdf\" aria-invalid=\"false\" \/><\/span> <\/label><\/p>\n<p><label> Constancia de conocimientos de computaci\u00f3n<br \/>\n    <span class=\"wpcf7-form-control-wrap file-442\"><input type=\"file\" name=\"file-442\" size=\"40\" class=\"wpcf7-form-control wpcf7-file\" accept=\".pdf\" aria-invalid=\"false\" \/><\/span> <\/label><\/p>\n<p><label> CURP<br \/>\n    <span class=\"wpcf7-form-control-wrap file-4443\"><input type=\"file\" name=\"file-4443\" size=\"40\" class=\"wpcf7-form-control wpcf7-file\" accept=\".pdf\" aria-invalid=\"false\" \/><\/span> <\/label><\/p>\n<p><span class=\"wpcf7-form-control-wrap acceptance-40\"><span class=\"wpcf7-form-control wpcf7-acceptance\"><span class=\"wpcf7-list-item\"><label><input type=\"checkbox\" name=\"acceptance-40\" value=\"1\" aria-invalid=\"false\" \/><span class=\"wpcf7-list-item-label\">Estoy de acuerdo que para hacer efectiva mi inscripci\u00f3n debo cumplir con todos los requisitos establecidos y presentar los documentos faltantes, as\u00ed  como todos los originales para cotejo, en las instalaciones del Instituto Tecnol\u00f3gico y de Estudios Superiores en Ciencias de la Salud, AC<\/span><\/label><\/span><\/span><\/span><br \/>\n<input type=\"submit\" value=\"Enviar\" class=\"wpcf7-form-control has-spinner wpcf7-submit\" \/><\/p>\n<div class=\"wpcf7-response-output\" aria-hidden=\"true\"><\/div><\/form><\/div><\/div>\n\t\t\t\t<\/div>\n\t\t\t\t<\/div>\n\t\t\t\t\t\t<\/div>\n\t\t\t\t\t<\/div>\n\t\t<\/div>\n\t\t\t\t\t\t\t\t<\/div>\n\t\t\t\t\t<\/div>\n\t\t<\/section>\n\t\t\t\t\t\t<\/div>\n\t\t\t\t\t\t<\/div>\n\t\t\t\t\t<\/div>\n\t\t","protected":false},"excerpt":{"rendered":"<p>Inscr\u00edbete Requisitos de inscripci\u00f3n Enviar documentos Solicitud de admisi\u00f3n con registro de datos y firmada (Clic para descargar formato) Acta de nacimiento (en formato reciente) Certificado de estudios profesionales (Licenciatura en enfermer\u00eda) T\u00edtulo profesional de licenciatura C\u00e9dula profesional de licenciatura (a excepci\u00f3n de solicitantes con nacionalidad extranjera) Cuatro fotograf\u00edas tama\u00f1o infantil. Blanco y negro en [&hellip;]<\/p>\n","protected":false},"author":1,"featured_media":0,"parent":875,"menu_order":0,"comment_status":"closed","ping_status":"closed","template":"elementor_header_footer","meta":[],"cb_excerpt":"Inscr\u00edbete Requisitos de inscripci\u00f3n Enviar documentos Solicitud de admisi\u00f3n con registro de datos y firmada (Clic para descargar formato) Acta de nacimiento (en formato reciente) Certificado de estudios profesionales (Licenciatura en enfermer\u00eda) T\u00edtulo profesional de licenciatura C\u00e9dula profesional de licenciatura (a excepci\u00f3n de solicitantes con nacionalidad extranjera) Cuatro fotograf\u00edas tama\u00f1o infantil. Blanco y negro en papel mate, blusa o camisa [&hellip;]","uagb_featured_image_src":{"full":false,"thumbnail":false,"medium":false,"medium_large":false,"large":false,"1536x1536":false,"2048x2048":false},"uagb_author_info":{"display_name":"itecsalud","author_link":"https:\/\/www.itecsalud.com\/inicio\/author\/itecsalud\/"},"uagb_comment_info":0,"uagb_excerpt":"Inscr\u00edbete Requisitos de inscripci\u00f3n Enviar documentos Solicitud de admisi\u00f3n con registro de datos y firmada (Clic para descargar formato) Acta de nacimiento (en formato reciente) Certificado de estudios profesionales (Licenciatura en enfermer\u00eda) T\u00edtulo profesional de licenciatura C\u00e9dula profesional de licenciatura (a excepci\u00f3n de solicitantes con nacionalidad extranjera) Cuatro fotograf\u00edas tama\u00f1o infantil. Blanco y negro en&hellip;","_links":{"self":[{"href":"https:\/\/www.itecsalud.com\/inicio\/wp-json\/wp\/v2\/pages\/45"}],"collection":[{"href":"https:\/\/www.itecsalud.com\/inicio\/wp-json\/wp\/v2\/pages"}],"about":[{"href":"https:\/\/www.itecsalud.com\/inicio\/wp-json\/wp\/v2\/types\/page"}],"author":[{"embeddable":true,"href":"https:\/\/www.itecsalud.com\/inicio\/wp-json\/wp\/v2\/users\/1"}],"replies":[{"embeddable":true,"href":"https:\/\/www.itecsalud.com\/inicio\/wp-json\/wp\/v2\/comments?post=45"}],"version-history":[{"count":15,"href":"https:\/\/www.itecsalud.com\/inicio\/wp-json\/wp\/v2\/pages\/45\/revisions"}],"predecessor-version":[{"id":878,"href":"https:\/\/www.itecsalud.com\/inicio\/wp-json\/wp\/v2\/pages\/45\/revisions\/878"}],"up":[{"embeddable":true,"href":"https:\/\/www.itecsalud.com\/inicio\/wp-json\/wp\/v2\/pages\/875"}],"wp:attachment":[{"href":"https:\/\/www.itecsalud.com\/inicio\/wp-json\/wp\/v2\/media?parent=45"}],"curies":[{"name":"wp","href":"https:\/\/api.w.org\/{rel}","templated":true}]}}