{"id":748,"date":"2020-03-02T14:43:14","date_gmt":"2020-03-02T14:43:14","guid":{"rendered":"https:\/\/www.itecsalud.com\/inicio\/?page_id=748"},"modified":"2026-02-09T11:33:24","modified_gmt":"2026-02-09T17:33:24","slug":"enfermeria-en-gestion","status":"publish","type":"page","link":"https:\/\/www.itecsalud.com\/inicio\/oferta-educativa\/enfermeria-en-gestion\/","title":{"rendered":"Especialidad en Enfermer\u00eda en Gesti\u00f3n y Educaci\u00f3n"},"content":{"rendered":"\t\t<div data-elementor-type=\"wp-page\" data-elementor-id=\"748\" class=\"elementor elementor-748\" data-elementor-settings=\"[]\">\n\t\t\t\t\t\t<div class=\"elementor-inner\">\n\t\t\t\t\t\t\t<div class=\"elementor-section-wrap\">\n\t\t\t\t\t\t\t<section class=\"elementor-section elementor-top-section elementor-element elementor-element-6cdfbcb elementor-section-boxed elementor-section-height-default elementor-section-height-default\" data-id=\"6cdfbcb\" data-element_type=\"section\">\n\t\t\t\t\t\t<div class=\"elementor-container elementor-column-gap-default\">\n\t\t\t\t\t\t\t<div class=\"elementor-row\">\n\t\t\t\t\t<div class=\"elementor-column elementor-col-100 elementor-top-column elementor-element elementor-element-9282f11\" data-id=\"9282f11\" data-element_type=\"column\">\n\t\t\t<div class=\"elementor-column-wrap elementor-element-populated\">\n\t\t\t\t\t\t\t<div class=\"elementor-widget-wrap\">\n\t\t\t\t\t\t<div class=\"elementor-element elementor-element-6d74872 elementor-widget elementor-widget-image\" data-id=\"6d74872\" data-element_type=\"widget\" data-widget_type=\"image.default\">\n\t\t\t\t<div class=\"elementor-widget-container\">\n\t\t\t\t\t\t\t\t<div class=\"elementor-image\">\n\t\t\t\t\t\t\t\t\t\t\t\t<img width=\"2560\" height=\"1707\" src=\"https:\/\/www.itecsalud.com\/inicio\/wp-content\/uploads\/2020\/03\/15599-scaled.jpg\" class=\"attachment-full size-full\" alt=\"\" loading=\"lazy\" srcset=\"https:\/\/www.itecsalud.com\/inicio\/wp-content\/uploads\/2020\/03\/15599-scaled.jpg 2560w, https:\/\/www.itecsalud.com\/inicio\/wp-content\/uploads\/2020\/03\/15599-300x200.jpg 300w, https:\/\/www.itecsalud.com\/inicio\/wp-content\/uploads\/2020\/03\/15599-1024x683.jpg 1024w, https:\/\/www.itecsalud.com\/inicio\/wp-content\/uploads\/2020\/03\/15599-768x512.jpg 768w, https:\/\/www.itecsalud.com\/inicio\/wp-content\/uploads\/2020\/03\/15599-1536x1024.jpg 1536w, https:\/\/www.itecsalud.com\/inicio\/wp-content\/uploads\/2020\/03\/15599-2048x1365.jpg 2048w\" sizes=\"(max-width: 2560px) 100vw, 2560px\" \/>\t\t\t\t\t\t\t\t\t\t\t\t\t\t<\/div>\n\t\t\t\t\t\t<\/div>\n\t\t\t\t<\/div>\n\t\t\t\t\t\t<\/div>\n\t\t\t\t\t<\/div>\n\t\t<\/div>\n\t\t\t\t\t\t\t\t<\/div>\n\t\t\t\t\t<\/div>\n\t\t<\/section>\n\t\t\t\t<section class=\"elementor-section elementor-top-section elementor-element elementor-element-b37b123 elementor-section-boxed elementor-section-height-default elementor-section-height-default\" data-id=\"b37b123\" data-element_type=\"section\">\n\t\t\t\t\t\t<div class=\"elementor-container elementor-column-gap-default\">\n\t\t\t\t\t\t\t<div class=\"elementor-row\">\n\t\t\t\t\t<div class=\"elementor-column elementor-col-100 elementor-top-column elementor-element elementor-element-26ec106\" data-id=\"26ec106\" data-element_type=\"column\">\n\t\t\t<div class=\"elementor-column-wrap elementor-element-populated\">\n\t\t\t\t\t\t\t<div class=\"elementor-widget-wrap\">\n\t\t\t\t\t\t<div class=\"elementor-element elementor-element-1b6e231 elementor-widget elementor-widget-heading\" data-id=\"1b6e231\" data-element_type=\"widget\" data-widget_type=\"heading.default\">\n\t\t\t\t<div class=\"elementor-widget-container\">\n\t\t\t<h2 class=\"elementor-heading-title elementor-size-xl\">Curso post\u00e9cnico de Enfermer\u00eda en Gesti\u00f3n y Educaci\u00f3n<\/h2>\t\t<\/div>\n\t\t\t\t<\/div>\n\t\t\t\t\t\t<\/div>\n\t\t\t\t\t<\/div>\n\t\t<\/div>\n\t\t\t\t\t\t\t\t<\/div>\n\t\t\t\t\t<\/div>\n\t\t<\/section>\n\t\t\t\t<section class=\"elementor-section elementor-top-section elementor-element elementor-element-47f9948 elementor-section-boxed elementor-section-height-default elementor-section-height-default\" data-id=\"47f9948\" data-element_type=\"section\">\n\t\t\t\t\t\t<div class=\"elementor-container elementor-column-gap-default\">\n\t\t\t\t\t\t\t<div class=\"elementor-row\">\n\t\t\t\t\t<div class=\"elementor-column elementor-col-100 elementor-top-column elementor-element elementor-element-8998e3b\" data-id=\"8998e3b\" data-element_type=\"column\">\n\t\t\t<div class=\"elementor-column-wrap elementor-element-populated\">\n\t\t\t\t\t\t\t<div class=\"elementor-widget-wrap\">\n\t\t\t\t\t\t<div class=\"elementor-element elementor-element-6054275 elementor-widget elementor-widget-heading\" data-id=\"6054275\" data-element_type=\"widget\" data-widget_type=\"heading.default\">\n\t\t\t\t<div class=\"elementor-widget-container\">\n\t\t\t<h2 class=\"elementor-heading-title elementor-size-medium\">Objetivo general<\/h2>\t\t<\/div>\n\t\t\t\t<\/div>\n\t\t\t\t\t\t<\/div>\n\t\t\t\t\t<\/div>\n\t\t<\/div>\n\t\t\t\t\t\t\t\t<\/div>\n\t\t\t\t\t<\/div>\n\t\t<\/section>\n\t\t\t\t<section class=\"elementor-section elementor-top-section elementor-element elementor-element-b1e36d3 elementor-section-boxed elementor-section-height-default elementor-section-height-default\" data-id=\"b1e36d3\" data-element_type=\"section\">\n\t\t\t\t\t\t<div class=\"elementor-container elementor-column-gap-default\">\n\t\t\t\t\t\t\t<div class=\"elementor-row\">\n\t\t\t\t\t<div class=\"elementor-column elementor-col-33 elementor-top-column elementor-element elementor-element-799ac69\" data-id=\"799ac69\" data-element_type=\"column\">\n\t\t\t<div class=\"elementor-column-wrap elementor-element-populated\">\n\t\t\t\t\t\t\t<div class=\"elementor-widget-wrap\">\n\t\t\t\t\t\t<div class=\"elementor-element elementor-element-0de792a elementor-widget elementor-widget-image\" data-id=\"0de792a\" data-element_type=\"widget\" data-widget_type=\"image.default\">\n\t\t\t\t<div class=\"elementor-widget-container\">\n\t\t\t\t\t\t\t\t<div class=\"elementor-image\">\n\t\t\t\t\t\t\t\t\t\t\t\t<img width=\"750\" height=\"500\" src=\"https:\/\/www.itecsalud.com\/inicio\/wp-content\/uploads\/2020\/03\/stk121434rke.jpg\" class=\"attachment-full size-full\" alt=\"\" loading=\"lazy\" srcset=\"https:\/\/www.itecsalud.com\/inicio\/wp-content\/uploads\/2020\/03\/stk121434rke.jpg 750w, https:\/\/www.itecsalud.com\/inicio\/wp-content\/uploads\/2020\/03\/stk121434rke-300x200.jpg 300w\" sizes=\"(max-width: 750px) 100vw, 750px\" \/>\t\t\t\t\t\t\t\t\t\t\t\t\t\t<\/div>\n\t\t\t\t\t\t<\/div>\n\t\t\t\t<\/div>\n\t\t\t\t\t\t<\/div>\n\t\t\t\t\t<\/div>\n\t\t<\/div>\n\t\t\t\t<div class=\"elementor-column elementor-col-66 elementor-top-column elementor-element elementor-element-270d27d\" data-id=\"270d27d\" data-element_type=\"column\">\n\t\t\t<div class=\"elementor-column-wrap elementor-element-populated\">\n\t\t\t\t\t\t\t<div class=\"elementor-widget-wrap\">\n\t\t\t\t\t\t<div class=\"elementor-element elementor-element-dda0e06 elementor-widget elementor-widget-text-editor\" data-id=\"dda0e06\" data-element_type=\"widget\" data-widget_type=\"text-editor.default\">\n\t\t\t\t<div class=\"elementor-widget-container\">\n\t\t\t\t\t\t\t\t<div class=\"elementor-text-editor elementor-clearfix\">\n\t\t\t\t<p>Formar\u00a0 de manera integral a la persona, competitiva, capaz de actuar en forma cr\u00edtica e informada ante las necesidades sociales\u00a0 y de la profesi\u00f3n<\/p>\t\t\t\t\t<\/div>\n\t\t\t\t\t\t<\/div>\n\t\t\t\t<\/div>\n\t\t\t\t\t\t<\/div>\n\t\t\t\t\t<\/div>\n\t\t<\/div>\n\t\t\t\t\t\t\t\t<\/div>\n\t\t\t\t\t<\/div>\n\t\t<\/section>\n\t\t\t\t<section class=\"elementor-section elementor-top-section elementor-element elementor-element-ec2ed5e elementor-section-boxed elementor-section-height-default elementor-section-height-default\" data-id=\"ec2ed5e\" data-element_type=\"section\">\n\t\t\t\t\t\t<div class=\"elementor-container elementor-column-gap-default\">\n\t\t\t\t\t\t\t<div class=\"elementor-row\">\n\t\t\t\t\t<div class=\"elementor-column elementor-col-100 elementor-top-column elementor-element elementor-element-721b7f7\" data-id=\"721b7f7\" data-element_type=\"column\">\n\t\t\t<div class=\"elementor-column-wrap elementor-element-populated\">\n\t\t\t\t\t\t\t<div class=\"elementor-widget-wrap\">\n\t\t\t\t\t\t<div class=\"elementor-element elementor-element-93dc241 elementor-widget elementor-widget-heading\" data-id=\"93dc241\" data-element_type=\"widget\" data-widget_type=\"heading.default\">\n\t\t\t\t<div class=\"elementor-widget-container\">\n\t\t\t<h2 class=\"elementor-heading-title elementor-size-medium\">Perfil del egresado<\/h2>\t\t<\/div>\n\t\t\t\t<\/div>\n\t\t\t\t\t\t<\/div>\n\t\t\t\t\t<\/div>\n\t\t<\/div>\n\t\t\t\t\t\t\t\t<\/div>\n\t\t\t\t\t<\/div>\n\t\t<\/section>\n\t\t\t\t<section class=\"elementor-section elementor-top-section elementor-element elementor-element-c5d2c9a elementor-section-boxed elementor-section-height-default elementor-section-height-default\" data-id=\"c5d2c9a\" data-element_type=\"section\">\n\t\t\t\t\t\t<div class=\"elementor-container elementor-column-gap-default\">\n\t\t\t\t\t\t\t<div class=\"elementor-row\">\n\t\t\t\t\t<div class=\"elementor-column elementor-col-66 elementor-top-column elementor-element elementor-element-94b9139\" data-id=\"94b9139\" data-element_type=\"column\">\n\t\t\t<div class=\"elementor-column-wrap\">\n\t\t\t\t\t\t\t<div class=\"elementor-widget-wrap\">\n\t\t\t\t\t\t\t\t<\/div>\n\t\t\t\t\t<\/div>\n\t\t<\/div>\n\t\t\t\t<div class=\"elementor-column elementor-col-33 elementor-top-column elementor-element elementor-element-d0aa9f0\" data-id=\"d0aa9f0\" data-element_type=\"column\">\n\t\t\t<div class=\"elementor-column-wrap elementor-element-populated\">\n\t\t\t\t\t\t\t<div class=\"elementor-widget-wrap\">\n\t\t\t\t\t\t<div class=\"elementor-element elementor-element-556fb02 elementor-widget elementor-widget-image\" data-id=\"556fb02\" data-element_type=\"widget\" data-widget_type=\"image.default\">\n\t\t\t\t<div class=\"elementor-widget-container\">\n\t\t\t\t\t\t\t\t<div class=\"elementor-image\">\n\t\t\t\t\t\t\t\t\t\t\t\t<img width=\"670\" height=\"376\" src=\"https:\/\/www.itecsalud.com\/inicio\/wp-content\/uploads\/2019\/07\/4-1-1024x574.jpg\" class=\"attachment-large size-large\" alt=\"\" loading=\"lazy\" srcset=\"https:\/\/www.itecsalud.com\/inicio\/wp-content\/uploads\/2019\/07\/4-1-1024x574.jpg 1024w, https:\/\/www.itecsalud.com\/inicio\/wp-content\/uploads\/2019\/07\/4-1-300x168.jpg 300w, https:\/\/www.itecsalud.com\/inicio\/wp-content\/uploads\/2019\/07\/4-1-768x430.jpg 768w, https:\/\/www.itecsalud.com\/inicio\/wp-content\/uploads\/2019\/07\/4-1.jpg 1160w\" sizes=\"(max-width: 670px) 100vw, 670px\" \/>\t\t\t\t\t\t\t\t\t\t\t\t\t\t<\/div>\n\t\t\t\t\t\t<\/div>\n\t\t\t\t<\/div>\n\t\t\t\t\t\t<\/div>\n\t\t\t\t\t<\/div>\n\t\t<\/div>\n\t\t\t\t\t\t\t\t<\/div>\n\t\t\t\t\t<\/div>\n\t\t<\/section>\n\t\t\t\t<section class=\"elementor-section elementor-top-section elementor-element elementor-element-4cdc34a elementor-section-boxed elementor-section-height-default elementor-section-height-default\" data-id=\"4cdc34a\" data-element_type=\"section\">\n\t\t\t\t\t\t<div class=\"elementor-container elementor-column-gap-default\">\n\t\t\t\t\t\t\t<div class=\"elementor-row\">\n\t\t\t\t\t<div class=\"elementor-column elementor-col-33 elementor-top-column elementor-element elementor-element-53c72dc\" data-id=\"53c72dc\" data-element_type=\"column\">\n\t\t\t<div class=\"elementor-column-wrap elementor-element-populated\">\n\t\t\t\t\t\t\t<div class=\"elementor-widget-wrap\">\n\t\t\t\t\t\t<div class=\"elementor-element elementor-element-97eb233 elementor-widget elementor-widget-image\" data-id=\"97eb233\" data-element_type=\"widget\" data-widget_type=\"image.default\">\n\t\t\t\t<div class=\"elementor-widget-container\">\n\t\t\t\t\t\t\t\t<div class=\"elementor-image\">\n\t\t\t\t\t\t\t\t\t\t\t\t<img width=\"670\" height=\"376\" src=\"https:\/\/www.itecsalud.com\/inicio\/wp-content\/uploads\/2019\/07\/6-1-1024x574.jpg\" class=\"attachment-large size-large\" alt=\"\" loading=\"lazy\" srcset=\"https:\/\/www.itecsalud.com\/inicio\/wp-content\/uploads\/2019\/07\/6-1-1024x574.jpg 1024w, https:\/\/www.itecsalud.com\/inicio\/wp-content\/uploads\/2019\/07\/6-1-300x168.jpg 300w, https:\/\/www.itecsalud.com\/inicio\/wp-content\/uploads\/2019\/07\/6-1-768x430.jpg 768w, https:\/\/www.itecsalud.com\/inicio\/wp-content\/uploads\/2019\/07\/6-1.jpg 1160w\" sizes=\"(max-width: 670px) 100vw, 670px\" \/>\t\t\t\t\t\t\t\t\t\t\t\t\t\t<\/div>\n\t\t\t\t\t\t<\/div>\n\t\t\t\t<\/div>\n\t\t\t\t\t\t<\/div>\n\t\t\t\t\t<\/div>\n\t\t<\/div>\n\t\t\t\t<div class=\"elementor-column elementor-col-66 elementor-top-column elementor-element elementor-element-5b611c8\" data-id=\"5b611c8\" data-element_type=\"column\">\n\t\t\t<div class=\"elementor-column-wrap elementor-element-populated\">\n\t\t\t\t\t\t\t<div class=\"elementor-widget-wrap\">\n\t\t\t\t\t\t<div class=\"elementor-element elementor-element-6b8347c elementor-widget elementor-widget-text-editor\" data-id=\"6b8347c\" data-element_type=\"widget\" data-widget_type=\"text-editor.default\">\n\t\t\t\t<div class=\"elementor-widget-container\">\n\t\t\t\t\t\t\t\t<div class=\"elementor-text-editor elementor-clearfix\">\n\t\t\t\t<p>Capaz de propiciar ambientes educativos y laborales que favorezcan el desarrollo de competencias profesionales integradas, y el logro de la misi\u00f3n institucional con principios y valores bio\u00e9ticos, que promueva el cuidado del entorno, y la cultura del esfuerzo.\u00a0<\/p>\t\t\t\t\t<\/div>\n\t\t\t\t\t\t<\/div>\n\t\t\t\t<\/div>\n\t\t\t\t\t\t<\/div>\n\t\t\t\t\t<\/div>\n\t\t<\/div>\n\t\t\t\t\t\t\t\t<\/div>\n\t\t\t\t\t<\/div>\n\t\t<\/section>\n\t\t\t\t<section class=\"elementor-section elementor-top-section elementor-element elementor-element-9b4df56 elementor-section-boxed elementor-section-height-default elementor-section-height-default\" data-id=\"9b4df56\" data-element_type=\"section\">\n\t\t\t\t\t\t<div class=\"elementor-container elementor-column-gap-default\">\n\t\t\t\t\t\t\t<div class=\"elementor-row\">\n\t\t\t\t\t<div class=\"elementor-column elementor-col-66 elementor-top-column elementor-element elementor-element-9634196\" data-id=\"9634196\" data-element_type=\"column\">\n\t\t\t<div class=\"elementor-column-wrap elementor-element-populated\">\n\t\t\t\t\t\t\t<div class=\"elementor-widget-wrap\">\n\t\t\t\t\t\t<div class=\"elementor-element elementor-element-b09adb4 elementor-widget elementor-widget-text-editor\" data-id=\"b09adb4\" data-element_type=\"widget\" data-widget_type=\"text-editor.default\">\n\t\t\t\t<div class=\"elementor-widget-container\">\n\t\t\t\t\t\t\t\t<div class=\"elementor-text-editor elementor-clearfix\">\n\t\t\t\t<p>Considerando su dimensi\u00f3n biopsicosocial, atendiendo a los principios bio\u00e9ticos, deontol\u00f3gicos y legales, a los preceptos del c\u00f3digo de \u00e9tica, as\u00ed como los derechos humanos. Todo lo anterior dentro de un marco de identidad y compromiso institucional<\/p>\t\t\t\t\t<\/div>\n\t\t\t\t\t\t<\/div>\n\t\t\t\t<\/div>\n\t\t\t\t\t\t<\/div>\n\t\t\t\t\t<\/div>\n\t\t<\/div>\n\t\t\t\t<div class=\"elementor-column elementor-col-33 elementor-top-column elementor-element elementor-element-9b2d1d2\" data-id=\"9b2d1d2\" data-element_type=\"column\">\n\t\t\t<div class=\"elementor-column-wrap elementor-element-populated\">\n\t\t\t\t\t\t\t<div class=\"elementor-widget-wrap\">\n\t\t\t\t\t\t<div class=\"elementor-element elementor-element-4c09be8 elementor-widget elementor-widget-image\" data-id=\"4c09be8\" data-element_type=\"widget\" data-widget_type=\"image.default\">\n\t\t\t\t<div class=\"elementor-widget-container\">\n\t\t\t\t\t\t\t\t<div class=\"elementor-image\">\n\t\t\t\t\t\t\t\t\t\t\t\t<img width=\"670\" height=\"335\" src=\"https:\/\/www.itecsalud.com\/inicio\/wp-content\/uploads\/2019\/07\/1-2-1024x512.jpg\" class=\"attachment-large size-large\" alt=\"\" loading=\"lazy\" srcset=\"https:\/\/www.itecsalud.com\/inicio\/wp-content\/uploads\/2019\/07\/1-2-1024x512.jpg 1024w, https:\/\/www.itecsalud.com\/inicio\/wp-content\/uploads\/2019\/07\/1-2-300x150.jpg 300w, https:\/\/www.itecsalud.com\/inicio\/wp-content\/uploads\/2019\/07\/1-2-768x384.jpg 768w, https:\/\/www.itecsalud.com\/inicio\/wp-content\/uploads\/2019\/07\/1-2.jpg 1160w\" sizes=\"(max-width: 670px) 100vw, 670px\" \/>\t\t\t\t\t\t\t\t\t\t\t\t\t\t<\/div>\n\t\t\t\t\t\t<\/div>\n\t\t\t\t<\/div>\n\t\t\t\t\t\t<\/div>\n\t\t\t\t\t<\/div>\n\t\t<\/div>\n\t\t\t\t\t\t\t\t<\/div>\n\t\t\t\t\t<\/div>\n\t\t<\/section>\n\t\t\t\t<section class=\"elementor-section elementor-top-section elementor-element elementor-element-db8fce0 elementor-section-boxed elementor-section-height-default elementor-section-height-default\" data-id=\"db8fce0\" data-element_type=\"section\">\n\t\t\t\t\t\t<div class=\"elementor-container elementor-column-gap-default\">\n\t\t\t\t\t\t\t<div class=\"elementor-row\">\n\t\t\t\t\t<div class=\"elementor-column elementor-col-33 elementor-top-column elementor-element elementor-element-3804a98\" data-id=\"3804a98\" data-element_type=\"column\">\n\t\t\t<div class=\"elementor-column-wrap elementor-element-populated\">\n\t\t\t\t\t\t\t<div class=\"elementor-widget-wrap\">\n\t\t\t\t\t\t<div class=\"elementor-element elementor-element-900e147 elementor-widget elementor-widget-image\" data-id=\"900e147\" data-element_type=\"widget\" data-widget_type=\"image.default\">\n\t\t\t\t<div class=\"elementor-widget-container\">\n\t\t\t\t\t\t\t\t<div class=\"elementor-image\">\n\t\t\t\t\t\t\t\t\t\t\t\t<img width=\"670\" height=\"1005\" src=\"https:\/\/www.itecsalud.com\/inicio\/wp-content\/uploads\/2020\/03\/18064-683x1024.jpg\" class=\"attachment-large size-large\" alt=\"\" loading=\"lazy\" srcset=\"https:\/\/www.itecsalud.com\/inicio\/wp-content\/uploads\/2020\/03\/18064-683x1024.jpg 683w, https:\/\/www.itecsalud.com\/inicio\/wp-content\/uploads\/2020\/03\/18064-200x300.jpg 200w, https:\/\/www.itecsalud.com\/inicio\/wp-content\/uploads\/2020\/03\/18064-768x1152.jpg 768w, https:\/\/www.itecsalud.com\/inicio\/wp-content\/uploads\/2020\/03\/18064-1024x1536.jpg 1024w, https:\/\/www.itecsalud.com\/inicio\/wp-content\/uploads\/2020\/03\/18064-1365x2048.jpg 1365w, https:\/\/www.itecsalud.com\/inicio\/wp-content\/uploads\/2020\/03\/18064-scaled.jpg 1707w\" sizes=\"(max-width: 670px) 100vw, 670px\" \/>\t\t\t\t\t\t\t\t\t\t\t\t\t\t<\/div>\n\t\t\t\t\t\t<\/div>\n\t\t\t\t<\/div>\n\t\t\t\t\t\t<\/div>\n\t\t\t\t\t<\/div>\n\t\t<\/div>\n\t\t\t\t<div class=\"elementor-column elementor-col-66 elementor-top-column elementor-element elementor-element-977a1ce\" data-id=\"977a1ce\" data-element_type=\"column\">\n\t\t\t<div class=\"elementor-column-wrap elementor-element-populated\">\n\t\t\t\t\t\t\t<div class=\"elementor-widget-wrap\">\n\t\t\t\t\t\t<div class=\"elementor-element elementor-element-18f9304 elementor-widget elementor-widget-text-editor\" data-id=\"18f9304\" data-element_type=\"widget\" data-widget_type=\"text-editor.default\">\n\t\t\t\t<div class=\"elementor-widget-container\">\n\t\t\t\t\t\t\t\t<div class=\"elementor-text-editor elementor-clearfix\">\n\t\t\t\t\t\t\t\t\t<\/div>\n\t\t\t\t\t\t<\/div>\n\t\t\t\t<\/div>\n\t\t\t\t\t\t<\/div>\n\t\t\t\t\t<\/div>\n\t\t<\/div>\n\t\t\t\t\t\t\t\t<\/div>\n\t\t\t\t\t<\/div>\n\t\t<\/section>\n\t\t\t\t\t\t<\/div>\n\t\t\t\t\t\t<\/div>\n\t\t\t\t\t<\/div>\n\t\t","protected":false},"excerpt":{"rendered":"<p>Curso post\u00e9cnico de Enfermer\u00eda en Gesti\u00f3n y Educaci\u00f3n Objetivo general Formar\u00a0 de manera integral a la persona, competitiva, capaz de actuar en forma cr\u00edtica e informada ante las necesidades sociales\u00a0 y de la profesi\u00f3n Perfil del egresado Capaz de propiciar ambientes educativos y laborales que favorezcan el desarrollo de competencias profesionales integradas, y el logro [&hellip;]<\/p>\n","protected":false},"author":1,"featured_media":0,"parent":868,"menu_order":0,"comment_status":"closed","ping_status":"closed","template":"elementor_header_footer","meta":[],"cb_excerpt":"Curso post\u00e9cnico de Enfermer\u00eda en Gesti\u00f3n y Educaci\u00f3n Objetivo general Formar\u00a0 de manera integral a la persona, competitiva, capaz de actuar en forma cr\u00edtica e informada ante las necesidades sociales\u00a0 y de la profesi\u00f3n Perfil del egresado Capaz de propiciar ambientes educativos y laborales que favorezcan el desarrollo de competencias profesionales integradas, y el logro de la misi\u00f3n institucional con [&hellip;]","uagb_featured_image_src":{"full":false,"thumbnail":false,"medium":false,"medium_large":false,"large":false,"1536x1536":false,"2048x2048":false},"uagb_author_info":{"display_name":"itecsalud","author_link":"https:\/\/www.itecsalud.com\/inicio\/author\/itecsalud\/"},"uagb_comment_info":0,"uagb_excerpt":"Curso post\u00e9cnico de Enfermer\u00eda en Gesti\u00f3n y Educaci\u00f3n Objetivo general Formar\u00a0 de manera integral a la persona, competitiva, capaz de actuar en forma cr\u00edtica e informada ante las necesidades sociales\u00a0 y de la profesi\u00f3n Perfil del egresado Capaz de propiciar ambientes educativos y laborales que favorezcan el desarrollo de competencias profesionales integradas, y el logro&hellip;","_links":{"self":[{"href":"https:\/\/www.itecsalud.com\/inicio\/wp-json\/wp\/v2\/pages\/748"}],"collection":[{"href":"https:\/\/www.itecsalud.com\/inicio\/wp-json\/wp\/v2\/pages"}],"about":[{"href":"https:\/\/www.itecsalud.com\/inicio\/wp-json\/wp\/v2\/types\/page"}],"author":[{"embeddable":true,"href":"https:\/\/www.itecsalud.com\/inicio\/wp-json\/wp\/v2\/users\/1"}],"replies":[{"embeddable":true,"href":"https:\/\/www.itecsalud.com\/inicio\/wp-json\/wp\/v2\/comments?post=748"}],"version-history":[{"count":39,"href":"https:\/\/www.itecsalud.com\/inicio\/wp-json\/wp\/v2\/pages\/748\/revisions"}],"predecessor-version":[{"id":1025,"href":"https:\/\/www.itecsalud.com\/inicio\/wp-json\/wp\/v2\/pages\/748\/revisions\/1025"}],"up":[{"embeddable":true,"href":"https:\/\/www.itecsalud.com\/inicio\/wp-json\/wp\/v2\/pages\/868"}],"wp:attachment":[{"href":"https:\/\/www.itecsalud.com\/inicio\/wp-json\/wp\/v2\/media?parent=748"}],"curies":[{"name":"wp","href":"https:\/\/api.w.org\/{rel}","templated":true}]}}