{"id":868,"date":"2020-03-04T15:45:54","date_gmt":"2020-03-04T15:45:54","guid":{"rendered":"https:\/\/www.itecsalud.com\/inicio\/?page_id=868"},"modified":"2026-01-30T14:09:03","modified_gmt":"2026-01-30T20:09:03","slug":"oferta-educativa","status":"publish","type":"page","link":"https:\/\/www.itecsalud.com\/inicio\/oferta-educativa\/","title":{"rendered":"Oferta Educativa"},"content":{"rendered":"\t\t<div data-elementor-type=\"wp-page\" data-elementor-id=\"868\" class=\"elementor elementor-868\" data-elementor-settings=\"[]\">\n\t\t\t\t\t\t<div class=\"elementor-inner\">\n\t\t\t\t\t\t\t<div class=\"elementor-section-wrap\">\n\t\t\t\t\t\t\t<section class=\"elementor-section elementor-top-section elementor-element elementor-element-8c106c8 elementor-section-boxed elementor-section-height-default elementor-section-height-default\" data-id=\"8c106c8\" data-element_type=\"section\">\n\t\t\t\t\t\t<div class=\"elementor-container elementor-column-gap-default\">\n\t\t\t\t\t\t\t<div class=\"elementor-row\">\n\t\t\t\t\t<div class=\"elementor-column elementor-col-100 elementor-top-column elementor-element elementor-element-b6b8184\" data-id=\"b6b8184\" data-element_type=\"column\">\n\t\t\t<div class=\"elementor-column-wrap elementor-element-populated\">\n\t\t\t\t\t\t\t<div class=\"elementor-widget-wrap\">\n\t\t\t\t\t\t<div class=\"elementor-element elementor-element-0140167 elementor-widget elementor-widget-image\" data-id=\"0140167\" data-element_type=\"widget\" data-widget_type=\"image.default\">\n\t\t\t\t<div class=\"elementor-widget-container\">\n\t\t\t\t\t\t\t\t<div class=\"elementor-image\">\n\t\t\t\t\t\t\t\t\t\t\t\t<img width=\"1920\" height=\"1440\" src=\"https:\/\/www.itecsalud.com\/inicio\/wp-content\/uploads\/2020\/03\/doctors-2607295_1920.jpg\" class=\"attachment-full size-full\" alt=\"\" loading=\"lazy\" srcset=\"https:\/\/www.itecsalud.com\/inicio\/wp-content\/uploads\/2020\/03\/doctors-2607295_1920.jpg 1920w, https:\/\/www.itecsalud.com\/inicio\/wp-content\/uploads\/2020\/03\/doctors-2607295_1920-300x225.jpg 300w, https:\/\/www.itecsalud.com\/inicio\/wp-content\/uploads\/2020\/03\/doctors-2607295_1920-1024x768.jpg 1024w, https:\/\/www.itecsalud.com\/inicio\/wp-content\/uploads\/2020\/03\/doctors-2607295_1920-768x576.jpg 768w, https:\/\/www.itecsalud.com\/inicio\/wp-content\/uploads\/2020\/03\/doctors-2607295_1920-1536x1152.jpg 1536w\" sizes=\"(max-width: 1920px) 100vw, 1920px\" \/>\t\t\t\t\t\t\t\t\t\t\t\t\t\t<\/div>\n\t\t\t\t\t\t<\/div>\n\t\t\t\t<\/div>\n\t\t\t\t\t\t<\/div>\n\t\t\t\t\t<\/div>\n\t\t<\/div>\n\t\t\t\t\t\t\t\t<\/div>\n\t\t\t\t\t<\/div>\n\t\t<\/section>\n\t\t\t\t<section class=\"elementor-section elementor-top-section elementor-element elementor-element-14c3c3c elementor-section-boxed elementor-section-height-default elementor-section-height-default\" data-id=\"14c3c3c\" data-element_type=\"section\">\n\t\t\t\t\t\t<div class=\"elementor-container elementor-column-gap-default\">\n\t\t\t\t\t\t\t<div class=\"elementor-row\">\n\t\t\t\t\t<div class=\"elementor-column elementor-col-100 elementor-top-column elementor-element elementor-element-1832dc9\" data-id=\"1832dc9\" data-element_type=\"column\">\n\t\t\t<div class=\"elementor-column-wrap elementor-element-populated\">\n\t\t\t\t\t\t\t<div class=\"elementor-widget-wrap\">\n\t\t\t\t\t\t<div class=\"elementor-element elementor-element-2c75c64 elementor-widget elementor-widget-heading\" data-id=\"2c75c64\" data-element_type=\"widget\" data-widget_type=\"heading.default\">\n\t\t\t\t<div class=\"elementor-widget-container\">\n\t\t\t<h2 class=\"elementor-heading-title elementor-size-xl\">Oferta Educativa<\/h2>\t\t<\/div>\n\t\t\t\t<\/div>\n\t\t\t\t\t\t<\/div>\n\t\t\t\t\t<\/div>\n\t\t<\/div>\n\t\t\t\t\t\t\t\t<\/div>\n\t\t\t\t\t<\/div>\n\t\t<\/section>\n\t\t\t\t<section class=\"elementor-section elementor-top-section elementor-element elementor-element-6fe4917 elementor-section-boxed elementor-section-height-default elementor-section-height-default\" data-id=\"6fe4917\" data-element_type=\"section\">\n\t\t\t\t\t\t<div class=\"elementor-container elementor-column-gap-default\">\n\t\t\t\t\t\t\t<div class=\"elementor-row\">\n\t\t\t\t\t<div class=\"elementor-column elementor-col-50 elementor-top-column elementor-element elementor-element-0506dcd\" data-id=\"0506dcd\" data-element_type=\"column\">\n\t\t\t<div class=\"elementor-column-wrap elementor-element-populated\">\n\t\t\t\t\t\t\t<div class=\"elementor-widget-wrap\">\n\t\t\t\t\t\t<div class=\"elementor-element elementor-element-02c88e1 elementor-position-top elementor-vertical-align-top elementor-widget elementor-widget-image-box\" data-id=\"02c88e1\" data-element_type=\"widget\" data-widget_type=\"image-box.default\">\n\t\t\t\t<div class=\"elementor-widget-container\">\n\t\t\t<div class=\"elementor-image-box-wrapper\"><figure class=\"elementor-image-box-img\"><a href=\"https:\/\/www.itecsalud.com\/inicio\/oferta-educativa\/enfermeria-quirurgica\/\"><img src=\"https:\/\/www.itecsalud.com\/inicio\/wp-content\/uploads\/elementor\/thumbs\/Quirurgica-4-om11hw7oy8knolp9p9od1pmtt31imm817mb2pj1svk.jpeg\" title=\"Enfermer\u00eda Quir\u00fargica\" alt=\"Enfermer\u00eda Quir\u00fargica\" \/><\/a><\/figure><div class=\"elementor-image-box-content\"><h3 class=\"elementor-image-box-title\"><a href=\"https:\/\/www.itecsalud.com\/inicio\/oferta-educativa\/enfermeria-quirurgica\/\">Especialidad en Enfermer\u00eda Quir\u00fargica<\/a><\/h3><\/div><\/div>\t\t<\/div>\n\t\t\t\t<\/div>\n\t\t\t\t\t\t<\/div>\n\t\t\t\t\t<\/div>\n\t\t<\/div>\n\t\t\t\t<div class=\"elementor-column elementor-col-50 elementor-top-column elementor-element elementor-element-0d17e2c\" data-id=\"0d17e2c\" data-element_type=\"column\">\n\t\t\t<div class=\"elementor-column-wrap elementor-element-populated\">\n\t\t\t\t\t\t\t<div class=\"elementor-widget-wrap\">\n\t\t\t\t\t\t<div class=\"elementor-element elementor-element-5c66f0e elementor-position-top elementor-vertical-align-top elementor-widget elementor-widget-image-box\" data-id=\"5c66f0e\" data-element_type=\"widget\" data-widget_type=\"image-box.default\">\n\t\t\t\t<div class=\"elementor-widget-container\">\n\t\t\t<div class=\"elementor-image-box-wrapper\"><figure class=\"elementor-image-box-img\"><a href=\"https:\/\/www.itecsalud.com\/inicio\/oferta-educativa\/enfermeria-pediatrica\/\"><img src=\"https:\/\/www.itecsalud.com\/inicio\/wp-content\/uploads\/elementor\/thumbs\/3-1-olng7etmixoa1hpywt7t25yhxkl4zky2g0tvi67wq8.jpg\" title=\"Enfermer\u00eda Pedi\u00e1trica\" alt=\"Enfermer\u00eda Pedi\u00e1trica\" \/><\/a><\/figure><div class=\"elementor-image-box-content\"><h3 class=\"elementor-image-box-title\"><a href=\"https:\/\/www.itecsalud.com\/inicio\/oferta-educativa\/enfermeria-pediatrica\/\">Especialidad en Enfermer\u00eda Pedi\u00e1trica<\/a><\/h3><\/div><\/div>\t\t<\/div>\n\t\t\t\t<\/div>\n\t\t\t\t\t\t<\/div>\n\t\t\t\t\t<\/div>\n\t\t<\/div>\n\t\t\t\t\t\t\t\t<\/div>\n\t\t\t\t\t<\/div>\n\t\t<\/section>\n\t\t\t\t<section class=\"elementor-section elementor-top-section elementor-element elementor-element-bb4bd08 elementor-section-boxed elementor-section-height-default elementor-section-height-default\" data-id=\"bb4bd08\" data-element_type=\"section\">\n\t\t\t\t\t\t<div class=\"elementor-container elementor-column-gap-default\">\n\t\t\t\t\t\t\t<div class=\"elementor-row\">\n\t\t\t\t\t<div class=\"elementor-column elementor-col-50 elementor-top-column elementor-element elementor-element-a52c94b\" data-id=\"a52c94b\" data-element_type=\"column\">\n\t\t\t<div class=\"elementor-column-wrap elementor-element-populated\">\n\t\t\t\t\t\t\t<div class=\"elementor-widget-wrap\">\n\t\t\t\t\t\t<div class=\"elementor-element elementor-element-142e7bd elementor-position-top elementor-vertical-align-top elementor-widget elementor-widget-image-box\" data-id=\"142e7bd\" data-element_type=\"widget\" data-widget_type=\"image-box.default\">\n\t\t\t\t<div class=\"elementor-widget-container\">\n\t\t\t<div class=\"elementor-image-box-wrapper\"><figure class=\"elementor-image-box-img\"><img src=\"https:\/\/www.itecsalud.com\/inicio\/wp-content\/uploads\/elementor\/thumbs\/15599-scaled-om2tcszi05lwzcemohh4t38oxu07cvqka63k7cfkvk.jpg\" title=\"Enfermer\u00eda en Gesti\u00f3n y Educaci\u00f3n\" alt=\"Enfermer\u00eda en Gesti\u00f3n y Educaci\u00f3n\" \/><\/figure><div class=\"elementor-image-box-content\"><h3 class=\"elementor-image-box-title\">Post\u00e9cnico en Gesti\u00f3n y Educaci\u00f3n<\/h3><\/div><\/div>\t\t<\/div>\n\t\t\t\t<\/div>\n\t\t\t\t\t\t<\/div>\n\t\t\t\t\t<\/div>\n\t\t<\/div>\n\t\t\t\t<div class=\"elementor-column elementor-col-50 elementor-top-column elementor-element elementor-element-5a27f08\" data-id=\"5a27f08\" data-element_type=\"column\">\n\t\t\t<div class=\"elementor-column-wrap elementor-element-populated\">\n\t\t\t\t\t\t\t<div class=\"elementor-widget-wrap\">\n\t\t\t\t\t\t<div class=\"elementor-element elementor-element-791e8c4 elementor-position-top elementor-vertical-align-top elementor-widget elementor-widget-image-box\" data-id=\"791e8c4\" data-element_type=\"widget\" data-widget_type=\"image-box.default\">\n\t\t\t\t<div class=\"elementor-widget-container\">\n\t\t\t<div class=\"elementor-image-box-wrapper\"><figure class=\"elementor-image-box-img\"><img width=\"105\" height=\"100\" src=\"https:\/\/www.itecsalud.com\/inicio\/wp-content\/uploads\/2020\/02\/favico-itescs.png\" class=\"attachment-medium size-medium\" alt=\"\" loading=\"lazy\" \/><\/figure><div class=\"elementor-image-box-content\"><h3 class=\"elementor-image-box-title\">   <\/h3><\/div><\/div>\t\t<\/div>\n\t\t\t\t<\/div>\n\t\t\t\t\t\t<\/div>\n\t\t\t\t\t<\/div>\n\t\t<\/div>\n\t\t\t\t\t\t\t\t<\/div>\n\t\t\t\t\t<\/div>\n\t\t<\/section>\n\t\t\t\t\t\t<\/div>\n\t\t\t\t\t\t<\/div>\n\t\t\t\t\t<\/div>\n\t\t","protected":false},"excerpt":{"rendered":"<p>Oferta Educativa Especialidad en Enfermer\u00eda Quir\u00fargica Especialidad en Enfermer\u00eda Pedi\u00e1trica Post\u00e9cnico en Gesti\u00f3n y Educaci\u00f3n<\/p>\n","protected":false},"author":1,"featured_media":0,"parent":0,"menu_order":0,"comment_status":"closed","ping_status":"closed","template":"elementor_header_footer","meta":[],"cb_excerpt":"Oferta Educativa Especialidad en Enfermer\u00eda Quir\u00fargica Especialidad en Enfermer\u00eda Pedi\u00e1trica Post\u00e9cnico en Gesti\u00f3n y Educaci\u00f3n","uagb_featured_image_src":{"full":false,"thumbnail":false,"medium":false,"medium_large":false,"large":false,"1536x1536":false,"2048x2048":false},"uagb_author_info":{"display_name":"itecsalud","author_link":"https:\/\/www.itecsalud.com\/inicio\/author\/itecsalud\/"},"uagb_comment_info":0,"uagb_excerpt":"Oferta Educativa Especialidad en Enfermer\u00eda Quir\u00fargica Especialidad en Enfermer\u00eda Pedi\u00e1trica Post\u00e9cnico en Gesti\u00f3n y Educaci\u00f3n","_links":{"self":[{"href":"https:\/\/www.itecsalud.com\/inicio\/wp-json\/wp\/v2\/pages\/868"}],"collection":[{"href":"https:\/\/www.itecsalud.com\/inicio\/wp-json\/wp\/v2\/pages"}],"about":[{"href":"https:\/\/www.itecsalud.com\/inicio\/wp-json\/wp\/v2\/types\/page"}],"author":[{"embeddable":true,"href":"https:\/\/www.itecsalud.com\/inicio\/wp-json\/wp\/v2\/users\/1"}],"replies":[{"embeddable":true,"href":"https:\/\/www.itecsalud.com\/inicio\/wp-json\/wp\/v2\/comments?post=868"}],"version-history":[{"count":40,"href":"https:\/\/www.itecsalud.com\/inicio\/wp-json\/wp\/v2\/pages\/868\/revisions"}],"predecessor-version":[{"id":1008,"href":"https:\/\/www.itecsalud.com\/inicio\/wp-json\/wp\/v2\/pages\/868\/revisions\/1008"}],"wp:attachment":[{"href":"https:\/\/www.itecsalud.com\/inicio\/wp-json\/wp\/v2\/media?parent=868"}],"curies":[{"name":"wp","href":"https:\/\/api.w.org\/{rel}","templated":true}]}}